{"id":8,"date":"2023-09-14T20:50:03","date_gmt":"2023-09-14T20:50:03","guid":{"rendered":"https:\/\/taikaivictoria.misitiolab.com\/?page_id=8"},"modified":"2023-09-20T22:43:35","modified_gmt":"2023-09-20T22:43:35","slug":"home","status":"publish","type":"page","link":"https:\/\/taikaivictoria.misitiolab.com\/","title":{"rendered":"TAIKAI VICTORIA"},"content":{"rendered":"\t\t<div data-elementor-type=\"wp-page\" data-elementor-id=\"8\" class=\"elementor elementor-8\">\n\t\t\t\t\t\t\t\t\t<section class=\"elementor-section elementor-top-section elementor-element elementor-element-1c05f628 elementor-section-boxed elementor-section-height-default elementor-section-height-default\" data-id=\"1c05f628\" data-element_type=\"section\" data-settings=\"{&quot;background_background&quot;:&quot;classic&quot;}\">\n\t\t\t\t\t\t\t<div class=\"elementor-background-overlay\"><\/div>\n\t\t\t\t\t\t\t<div class=\"elementor-container elementor-column-gap-default\">\n\t\t\t\t\t<div class=\"elementor-column elementor-col-100 elementor-top-column elementor-element elementor-element-4834af41\" data-id=\"4834af41\" data-element_type=\"column\">\n\t\t\t<div class=\"elementor-widget-wrap elementor-element-populated\">\n\t\t\t\t\t\t\t\t<div class=\"elementor-element elementor-element-67129648 elementor-widget elementor-widget-spacer\" data-id=\"67129648\" data-element_type=\"widget\" data-widget_type=\"spacer.default\">\n\t\t\t\t<div class=\"elementor-widget-container\">\n\t\t\t<style>\/*! elementor - v3.16.0 - 14-09-2023 *\/\n.elementor-column .elementor-spacer-inner{height:var(--spacer-size)}.e-con{--container-widget-width:100%}.e-con-inner>.elementor-widget-spacer,.e-con>.elementor-widget-spacer{width:var(--container-widget-width,var(--spacer-size));--align-self:var(--container-widget-align-self,initial);--flex-shrink:0}.e-con-inner>.elementor-widget-spacer>.elementor-widget-container,.e-con>.elementor-widget-spacer>.elementor-widget-container{height:100%;width:100%}.e-con-inner>.elementor-widget-spacer>.elementor-widget-container>.elementor-spacer,.e-con>.elementor-widget-spacer>.elementor-widget-container>.elementor-spacer{height:100%}.e-con-inner>.elementor-widget-spacer>.elementor-widget-container>.elementor-spacer>.elementor-spacer-inner,.e-con>.elementor-widget-spacer>.elementor-widget-container>.elementor-spacer>.elementor-spacer-inner{height:var(--container-widget-height,var(--spacer-size))}.e-con-inner>.elementor-widget-spacer.elementor-widget-empty,.e-con>.elementor-widget-spacer.elementor-widget-empty{position:relative;min-height:22px;min-width:22px}.e-con-inner>.elementor-widget-spacer.elementor-widget-empty .elementor-widget-empty-icon,.e-con>.elementor-widget-spacer.elementor-widget-empty .elementor-widget-empty-icon{position:absolute;top:0;bottom:0;left:0;right:0;margin:auto;padding:0;width:22px;height:22px}<\/style>\t\t<div class=\"elementor-spacer\">\n\t\t\t<div class=\"elementor-spacer-inner\"><\/div>\n\t\t<\/div>\n\t\t\t\t<\/div>\n\t\t\t\t<\/div>\n\t\t\t\t\t<\/div>\n\t\t<\/div>\n\t\t\t\t\t\t\t<\/div>\n\t\t<\/section>\n\t\t\t\t<section class=\"elementor-section elementor-top-section elementor-element elementor-element-17a4b7b8 elementor-section-boxed elementor-section-height-default elementor-section-height-default\" data-id=\"17a4b7b8\" data-element_type=\"section\" data-settings=\"{&quot;background_background&quot;:&quot;classic&quot;}\">\n\t\t\t\t\t\t<div class=\"elementor-container elementor-column-gap-default\">\n\t\t\t\t\t<div class=\"elementor-column elementor-col-33 elementor-top-column elementor-element elementor-element-5379179c\" data-id=\"5379179c\" data-element_type=\"column\">\n\t\t\t<div class=\"elementor-widget-wrap elementor-element-populated\">\n\t\t\t\t\t\t\t\t<div class=\"elementor-element elementor-element-31bc1a2 elementor-widget elementor-widget-image\" data-id=\"31bc1a2\" data-element_type=\"widget\" data-widget_type=\"image.default\">\n\t\t\t\t<div class=\"elementor-widget-container\">\n\t\t\t<style>\/*! elementor - v3.16.0 - 14-09-2023 *\/\n.elementor-widget-image{text-align:center}.elementor-widget-image a{display:inline-block}.elementor-widget-image a img[src$=\".svg\"]{width:48px}.elementor-widget-image img{vertical-align:middle;display:inline-block}<\/style>\t\t\t\t\t\t\t\t\t\t\t\t<img loading=\"lazy\" decoding=\"async\" width=\"512\" height=\"512\" src=\"https:\/\/taikaivictoria.misitiolab.com\/wp-content\/uploads\/2023\/09\/cropped-taikai-1.jpg\" class=\"attachment-large size-large wp-image-32\" alt=\"\" srcset=\"https:\/\/taikaivictoria.misitiolab.com\/wp-content\/uploads\/2023\/09\/cropped-taikai-1.jpg 512w, https:\/\/taikaivictoria.misitiolab.com\/wp-content\/uploads\/2023\/09\/cropped-taikai-1-300x300.jpg 300w, https:\/\/taikaivictoria.misitiolab.com\/wp-content\/uploads\/2023\/09\/cropped-taikai-1-150x150.jpg 150w\" sizes=\"auto, (max-width: 512px) 100vw, 512px\" \/>\t\t\t\t\t\t\t\t\t\t\t\t\t\t\t<\/div>\n\t\t\t\t<\/div>\n\t\t\t\t<div class=\"elementor-element elementor-element-1a2a7f7b elementor-widget elementor-widget-text-editor\" data-id=\"1a2a7f7b\" data-element_type=\"widget\" data-widget_type=\"text-editor.default\">\n\t\t\t\t<div class=\"elementor-widget-container\">\n\t\t\t<style>\/*! elementor - v3.16.0 - 14-09-2023 *\/\n.elementor-widget-text-editor.elementor-drop-cap-view-stacked .elementor-drop-cap{background-color:#69727d;color:#fff}.elementor-widget-text-editor.elementor-drop-cap-view-framed .elementor-drop-cap{color:#69727d;border:3px solid;background-color:transparent}.elementor-widget-text-editor:not(.elementor-drop-cap-view-default) .elementor-drop-cap{margin-top:8px}.elementor-widget-text-editor:not(.elementor-drop-cap-view-default) .elementor-drop-cap-letter{width:1em;height:1em}.elementor-widget-text-editor .elementor-drop-cap{float:left;text-align:center;line-height:1;font-size:50px}.elementor-widget-text-editor .elementor-drop-cap-letter{display:inline-block}<\/style>\t\t\t\t<p>Sucursal 17\u00a0Hidalgo y Morelos\u00a0Zona Centro<\/p>\t\t\t\t\t\t<\/div>\n\t\t\t\t<\/div>\n\t\t\t\t<div class=\"elementor-element elementor-element-4d28c35 elementor-mobile-align-center elementor-align-justify elementor-widget elementor-widget-button\" data-id=\"4d28c35\" data-element_type=\"widget\" data-widget_type=\"button.default\">\n\t\t\t\t<div class=\"elementor-widget-container\">\n\t\t\t\t\t<div class=\"elementor-button-wrapper\">\n\t\t\t<a class=\"elementor-button elementor-button-link elementor-size-sm\" href=\"https:\/\/taikai-suc-17.ola.click\/products\" target=\"_blank\" rel=\"nofollow\">\n\t\t\t\t\t\t<span class=\"elementor-button-content-wrapper\">\n\t\t\t\t\t\t<span class=\"elementor-button-icon elementor-align-icon-left\">\n\t\t\t\t<i aria-hidden=\"true\" class=\"far fa-calendar-alt\"><\/i>\t\t\t<\/span>\n\t\t\t\t\t\t<span class=\"elementor-button-text\">Ordene aqu\u00ed<\/span>\n\t\t<\/span>\n\t\t\t\t\t<\/a>\n\t\t<\/div>\n\t\t\t\t<\/div>\n\t\t\t\t<\/div>\n\t\t\t\t\t<\/div>\n\t\t<\/div>\n\t\t\t\t<div class=\"elementor-column elementor-col-33 elementor-top-column elementor-element elementor-element-6de8d6c6\" data-id=\"6de8d6c6\" data-element_type=\"column\">\n\t\t\t<div class=\"elementor-widget-wrap elementor-element-populated\">\n\t\t\t\t\t\t\t\t<div class=\"elementor-element elementor-element-60660286 elementor-widget elementor-widget-text-editor\" data-id=\"60660286\" data-element_type=\"widget\" data-widget_type=\"text-editor.default\">\n\t\t\t\t<div class=\"elementor-widget-container\">\n\t\t\t\t\t\t\t<p><span style=\"font-size: 14.592px;\">Sucursal\u00a0<\/span><span style=\"font-size: 14.592px;\">16 y Sierra Hermosa\u00a0<\/span><span style=\"font-size: 14.592px;\">Fracc. Villarreal<\/span><\/p>\t\t\t\t\t\t<\/div>\n\t\t\t\t<\/div>\n\t\t\t\t<div class=\"elementor-element elementor-element-7f125a41 elementor-mobile-align-center elementor-align-justify elementor-widget elementor-widget-button\" data-id=\"7f125a41\" data-element_type=\"widget\" data-widget_type=\"button.default\">\n\t\t\t\t<div class=\"elementor-widget-container\">\n\t\t\t\t\t<div class=\"elementor-button-wrapper\">\n\t\t\t<a class=\"elementor-button elementor-button-link elementor-size-sm\" href=\"https:\/\/taikai-villarreal-16.ola.click\/products\" target=\"_blank\" rel=\"nofollow\">\n\t\t\t\t\t\t<span class=\"elementor-button-content-wrapper\">\n\t\t\t\t\t\t<span class=\"elementor-button-icon elementor-align-icon-left\">\n\t\t\t\t<i aria-hidden=\"true\" class=\"far fa-calendar-alt\"><\/i>\t\t\t<\/span>\n\t\t\t\t\t\t<span class=\"elementor-button-text\">Ordene aqu\u00ed<\/span>\n\t\t<\/span>\n\t\t\t\t\t<\/a>\n\t\t<\/div>\n\t\t\t\t<\/div>\n\t\t\t\t<\/div>\n\t\t\t\t\t<\/div>\n\t\t<\/div>\n\t\t\t\t<div class=\"elementor-column elementor-col-33 elementor-top-column elementor-element elementor-element-65a75ef1\" data-id=\"65a75ef1\" data-element_type=\"column\">\n\t\t\t<div class=\"elementor-widget-wrap elementor-element-populated\">\n\t\t\t\t\t\t\t\t<div class=\"elementor-element elementor-element-7534335c elementor-widget elementor-widget-text-editor\" data-id=\"7534335c\" data-element_type=\"widget\" data-widget_type=\"text-editor.default\">\n\t\t\t\t<div class=\"elementor-widget-container\">\n\t\t\t\t\t\t\t<p>Sucursal 9 Chihuahua Fracc. San Jos\u00e9<\/p>\t\t\t\t\t\t<\/div>\n\t\t\t\t<\/div>\n\t\t\t\t<div class=\"elementor-element elementor-element-b22c88f elementor-mobile-align-center elementor-align-justify elementor-widget elementor-widget-button\" data-id=\"b22c88f\" data-element_type=\"widget\" data-widget_type=\"button.default\">\n\t\t\t\t<div class=\"elementor-widget-container\">\n\t\t\t\t\t<div class=\"elementor-button-wrapper\">\n\t\t\t<a class=\"elementor-button elementor-button-link elementor-size-sm\" href=\"https:\/\/taikai.ola.click\/products\" target=\"_blank\" rel=\"nofollow\">\n\t\t\t\t\t\t<span class=\"elementor-button-content-wrapper\">\n\t\t\t\t\t\t<span class=\"elementor-button-icon elementor-align-icon-left\">\n\t\t\t\t<i aria-hidden=\"true\" class=\"far fa-calendar-alt\"><\/i>\t\t\t<\/span>\n\t\t\t\t\t\t<span class=\"elementor-button-text\">Ordene aqu\u00ed<\/span>\n\t\t<\/span>\n\t\t\t\t\t<\/a>\n\t\t<\/div>\n\t\t\t\t<\/div>\n\t\t\t\t<\/div>\n\t\t\t\t\t<\/div>\n\t\t<\/div>\n\t\t\t\t\t\t\t<\/div>\n\t\t<\/section>\n\t\t\t\t<section class=\"elementor-section elementor-top-section elementor-element elementor-element-5e8e6339 elementor-section-boxed elementor-section-height-default elementor-section-height-default\" data-id=\"5e8e6339\" data-element_type=\"section\" data-settings=\"{&quot;background_background&quot;:&quot;classic&quot;}\">\n\t\t\t\t\t\t\t<div class=\"elementor-background-overlay\"><\/div>\n\t\t\t\t\t\t\t<div class=\"elementor-container elementor-column-gap-default\">\n\t\t\t\t\t<div class=\"elementor-column elementor-col-100 elementor-top-column elementor-element elementor-element-5a51eafa\" data-id=\"5a51eafa\" data-element_type=\"column\">\n\t\t\t<div class=\"elementor-widget-wrap elementor-element-populated\">\n\t\t\t\t\t\t\t\t<div class=\"elementor-element elementor-element-27eb0354 elementor-widget elementor-widget-heading\" data-id=\"27eb0354\" data-element_type=\"widget\" data-widget_type=\"heading.default\">\n\t\t\t\t<div class=\"elementor-widget-container\">\n\t\t\t<style>\/*! elementor - v3.16.0 - 14-09-2023 *\/\n.elementor-heading-title{padding:0;margin:0;line-height:1}.elementor-widget-heading .elementor-heading-title[class*=elementor-size-]>a{color:inherit;font-size:inherit;line-height:inherit}.elementor-widget-heading .elementor-heading-title.elementor-size-small{font-size:15px}.elementor-widget-heading .elementor-heading-title.elementor-size-medium{font-size:19px}.elementor-widget-heading .elementor-heading-title.elementor-size-large{font-size:29px}.elementor-widget-heading .elementor-heading-title.elementor-size-xl{font-size:39px}.elementor-widget-heading .elementor-heading-title.elementor-size-xxl{font-size:59px}<\/style><h2 class=\"elementor-heading-title elementor-size-default\">Compartir<\/h2>\t\t<\/div>\n\t\t\t\t<\/div>\n\t\t\t\t<div class=\"elementor-element elementor-element-368d31b9 elementor-widget elementor-widget-image\" data-id=\"368d31b9\" data-element_type=\"widget\" data-widget_type=\"image.default\">\n\t\t\t\t<div class=\"elementor-widget-container\">\n\t\t\t\t\t\t\t\t\t\t\t\t<figure class=\"wp-caption\">\n\t\t\t\t\t\t\t\t\t\t\t<a href=\"https:\/\/taikaivictoria.misitiolab.com\/wp-content\/uploads\/2023\/09\/el-jefe-45.png\" data-elementor-open-lightbox=\"yes\" data-elementor-lightbox-title=\"el jefe (45)\" data-e-action-hash=\"#elementor-action%3Aaction%3Dlightbox%26settings%3DeyJpZCI6NDMsInVybCI6Imh0dHBzOlwvXC90YWlrYWl2aWN0b3JpYS5taXNpdGlvbGFiLmNvbVwvd3AtY29udGVudFwvdXBsb2Fkc1wvMjAyM1wvMDlcL2VsLWplZmUtNDUucG5nIn0%3D\">\n\t\t\t\t\t\t\t<img loading=\"lazy\" decoding=\"async\" width=\"1024\" height=\"1024\" src=\"https:\/\/taikaivictoria.misitiolab.com\/wp-content\/uploads\/2023\/09\/el-jefe-45-1024x1024.png\" class=\"attachment-large size-large wp-image-43\" alt=\"\" srcset=\"https:\/\/taikaivictoria.misitiolab.com\/wp-content\/uploads\/2023\/09\/el-jefe-45-1024x1024.png 1024w, https:\/\/taikaivictoria.misitiolab.com\/wp-content\/uploads\/2023\/09\/el-jefe-45-300x300.png 300w, https:\/\/taikaivictoria.misitiolab.com\/wp-content\/uploads\/2023\/09\/el-jefe-45-150x150.png 150w, https:\/\/taikaivictoria.misitiolab.com\/wp-content\/uploads\/2023\/09\/el-jefe-45-768x768.png 768w, https:\/\/taikaivictoria.misitiolab.com\/wp-content\/uploads\/2023\/09\/el-jefe-45.png 1200w\" sizes=\"auto, (max-width: 1024px) 100vw, 1024px\" \/>\t\t\t\t\t\t\t\t<\/a>\n\t\t\t\t\t\t\t\t\t\t\t<figcaption class=\"widget-image-caption wp-caption-text\">Escanea para compartir<\/figcaption>\n\t\t\t\t\t\t\t\t\t\t<\/figure>\n\t\t\t\t\t\t\t\t\t<\/div>\n\t\t\t\t<\/div>\n\t\t\t\t<div class=\"elementor-element elementor-element-148f9f25 elementor-mobile-align-center elementor-align-center elementor-widget elementor-widget-button\" data-id=\"148f9f25\" data-element_type=\"widget\" data-widget_type=\"button.default\">\n\t\t\t\t<div class=\"elementor-widget-container\">\n\t\t\t\t\t<div class=\"elementor-button-wrapper\">\n\t\t\t<a class=\"elementor-button elementor-button-link elementor-size-sm\" href=\"https:\/\/api.whatsapp.com\/send\/?text=https:\/\/taikaivictoria.misitiolab.com\/\">\n\t\t\t\t\t\t<span class=\"elementor-button-content-wrapper\">\n\t\t\t\t\t\t<span class=\"elementor-button-icon elementor-align-icon-left\">\n\t\t\t\t<i aria-hidden=\"true\" class=\"fab fa-whatsapp\"><\/i>\t\t\t<\/span>\n\t\t\t\t\t\t<span class=\"elementor-button-text\">Compartir<\/span>\n\t\t<\/span>\n\t\t\t\t\t<\/a>\n\t\t<\/div>\n\t\t\t\t<\/div>\n\t\t\t\t<\/div>\n\t\t\t\t\t<\/div>\n\t\t<\/div>\n\t\t\t\t\t\t\t<\/div>\n\t\t<\/section>\n\t\t\t\t<section class=\"elementor-section elementor-top-section elementor-element elementor-element-380d0d0f elementor-section-boxed elementor-section-height-default elementor-section-height-default\" data-id=\"380d0d0f\" data-element_type=\"section\" data-settings=\"{&quot;background_background&quot;:&quot;classic&quot;}\">\n\t\t\t\t\t\t<div class=\"elementor-container elementor-column-gap-default\">\n\t\t\t\t\t<div class=\"elementor-column elementor-col-100 elementor-top-column elementor-element elementor-element-69dc8054\" data-id=\"69dc8054\" data-element_type=\"column\">\n\t\t\t<div class=\"elementor-widget-wrap elementor-element-populated\">\n\t\t\t\t\t\t\t\t<div class=\"elementor-element elementor-element-3b5f8d6a elementor-widget elementor-widget-text-editor\" data-id=\"3b5f8d6a\" data-element_type=\"widget\" data-widget_type=\"text-editor.default\">\n\t\t\t\t<div class=\"elementor-widget-container\">\n\t\t\t\t\t\t\t<p>Obt\u00e9n tu propia tarjeta digital.<\/p>\t\t\t\t\t\t<\/div>\n\t\t\t\t<\/div>\n\t\t\t\t<div class=\"elementor-element elementor-element-90607be elementor-widget elementor-widget-heading\" data-id=\"90607be\" data-element_type=\"widget\" data-widget_type=\"heading.default\">\n\t\t\t\t<div class=\"elementor-widget-container\">\n\t\t\t<h6 class=\"elementor-heading-title elementor-size-default\"><a href=\"https:\/\/zenceolab.com\/\">www.zenceolab.com<\/a><\/h6>\t\t<\/div>\n\t\t\t\t<\/div>\n\t\t\t\t\t<\/div>\n\t\t<\/div>\n\t\t\t\t\t\t\t<\/div>\n\t\t<\/section>\n\t\t\t\t\t\t\t<\/div>\n\t\t","protected":false},"excerpt":{"rendered":"<p>Sucursal 17\u00a0Hidalgo y Morelos\u00a0Zona Centro Ordene aqu\u00ed Sucursal\u00a016 y Sierra Hermosa\u00a0Fracc. Villarreal Ordene aqu\u00ed Sucursal 9 Chihuahua Fracc. San Jos\u00e9 Ordene aqu\u00ed Compartir Escanea para compartir Compartir Obt\u00e9n tu propia tarjeta digital. www.zenceolab.com<\/p>\n","protected":false},"author":1,"featured_media":11,"parent":0,"menu_order":0,"comment_status":"closed","ping_status":"closed","template":"elementor_canvas","meta":{"site-sidebar-layout":"no-sidebar","site-content-layout":"plain-container","ast-site-content-layout":"full-width-container","site-content-style":"default","site-sidebar-style":"default","ast-global-header-display":"","ast-banner-title-visibility":"","ast-main-header-display":"","ast-hfb-above-header-display":"","ast-hfb-below-header-display":"","ast-hfb-mobile-header-display":"","site-post-title":"disabled","ast-breadcrumbs-content":"","ast-featured-img":"disabled","footer-sml-layout":"","theme-transparent-header-meta":"enabled","adv-header-id-meta":"","stick-header-meta":"","header-above-stick-meta":"","header-main-stick-meta":"","header-below-stick-meta":"","astra-migrate-meta-layouts":"","footnotes":""},"class_list":["post-8","page","type-page","status-publish","has-post-thumbnail","hentry"],"yoast_head":"<!-- This site is optimized with the Yoast SEO plugin v21.1 - https:\/\/yoast.com\/wordpress\/plugins\/seo\/ -->\n<title>TAIKAI VICTORIA -<\/title>\n<meta name=\"description\" content=\"En TAIKAI te ofrecemos una experiencia \u00fanica con sabores especiales que te har\u00e1n regresar por m\u00e1s..\" \/>\n<meta name=\"robots\" content=\"index, follow, max-snippet:-1, max-image-preview:large, max-video-preview:-1\" \/>\n<link rel=\"canonical\" href=\"https:\/\/taikaivictoria.misitiolab.com\/\" \/>\n<meta property=\"og:locale\" content=\"es_MX\" \/>\n<meta property=\"og:type\" content=\"article\" \/>\n<meta property=\"og:title\" content=\"TAIKAI VICTORIA -\" \/>\n<meta property=\"og:description\" content=\"En TAIKAI te ofrecemos una experiencia \u00fanica con sabores especiales que te har\u00e1n regresar por m\u00e1s..\" \/>\n<meta property=\"og:url\" content=\"https:\/\/taikaivictoria.misitiolab.com\/\" \/>\n<meta property=\"og:site_name\" content=\"taikaivictoria\" \/>\n<meta property=\"article:modified_time\" content=\"2023-09-20T22:43:35+00:00\" \/>\n<meta property=\"og:image\" content=\"https:\/\/taikaivictoria.misitiolab.com\/wp-content\/uploads\/2023\/09\/cropped-taikai.jpg\" \/>\n\t<meta property=\"og:image:width\" content=\"512\" \/>\n\t<meta property=\"og:image:height\" content=\"512\" \/>\n\t<meta property=\"og:image:type\" content=\"image\/jpeg\" \/>\n<meta name=\"twitter:card\" content=\"summary_large_image\" \/>\n<meta name=\"twitter:label1\" content=\"Tiempo de lectura\" \/>\n\t<meta name=\"twitter:data1\" content=\"1 minuto\" \/>\n<script type=\"application\/ld+json\" class=\"yoast-schema-graph\">{\"@context\":\"https:\/\/schema.org\",\"@graph\":[{\"@type\":\"WebPage\",\"@id\":\"https:\/\/taikaivictoria.misitiolab.com\/\",\"url\":\"https:\/\/taikaivictoria.misitiolab.com\/\",\"name\":\"TAIKAI VICTORIA -\",\"isPartOf\":{\"@id\":\"https:\/\/taikaivictoria.misitiolab.com\/#website\"},\"datePublished\":\"2023-09-14T20:50:03+00:00\",\"dateModified\":\"2023-09-20T22:43:35+00:00\",\"description\":\"En TAIKAI te ofrecemos una experiencia \u00fanica con sabores especiales que te har\u00e1n regresar por m\u00e1s..\",\"breadcrumb\":{\"@id\":\"https:\/\/taikaivictoria.misitiolab.com\/#breadcrumb\"},\"inLanguage\":\"es\",\"potentialAction\":[{\"@type\":\"ReadAction\",\"target\":[\"https:\/\/taikaivictoria.misitiolab.com\/\"]}]},{\"@type\":\"BreadcrumbList\",\"@id\":\"https:\/\/taikaivictoria.misitiolab.com\/#breadcrumb\",\"itemListElement\":[{\"@type\":\"ListItem\",\"position\":1,\"name\":\"Inicio\",\"item\":\"https:\/\/taikaivictoria.misitiolab.com\/\"},{\"@type\":\"ListItem\",\"position\":2,\"name\":\"TAIKAI VICTORIA\"}]},{\"@type\":\"WebSite\",\"@id\":\"https:\/\/taikaivictoria.misitiolab.com\/#website\",\"url\":\"https:\/\/taikaivictoria.misitiolab.com\/\",\"name\":\"taikaivictoria\",\"description\":\"\",\"publisher\":{\"@id\":\"https:\/\/taikaivictoria.misitiolab.com\/#organization\"},\"potentialAction\":[{\"@type\":\"SearchAction\",\"target\":{\"@type\":\"EntryPoint\",\"urlTemplate\":\"https:\/\/taikaivictoria.misitiolab.com\/?s={search_term_string}\"},\"query-input\":\"required name=search_term_string\"}],\"inLanguage\":\"es\"},{\"@type\":\"Organization\",\"@id\":\"https:\/\/taikaivictoria.misitiolab.com\/#organization\",\"name\":\"taikaivictoria\",\"url\":\"https:\/\/taikaivictoria.misitiolab.com\/\",\"logo\":{\"@type\":\"ImageObject\",\"inLanguage\":\"es\",\"@id\":\"https:\/\/taikaivictoria.misitiolab.com\/#\/schema\/logo\/image\/\",\"url\":\"https:\/\/taikaivictoria.misitiolab.com\/wp-content\/uploads\/2023\/09\/logo.png\",\"contentUrl\":\"https:\/\/taikaivictoria.misitiolab.com\/wp-content\/uploads\/2023\/09\/logo.png\",\"width\":156,\"height\":40,\"caption\":\"taikaivictoria\"},\"image\":{\"@id\":\"https:\/\/taikaivictoria.misitiolab.com\/#\/schema\/logo\/image\/\"}}]}<\/script>\n<!-- \/ Yoast SEO plugin. -->","yoast_head_json":{"title":"TAIKAI VICTORIA -","description":"En TAIKAI te ofrecemos una experiencia \u00fanica con sabores especiales que te har\u00e1n regresar por m\u00e1s..","robots":{"index":"index","follow":"follow","max-snippet":"max-snippet:-1","max-image-preview":"max-image-preview:large","max-video-preview":"max-video-preview:-1"},"canonical":"https:\/\/taikaivictoria.misitiolab.com\/","og_locale":"es_MX","og_type":"article","og_title":"TAIKAI VICTORIA -","og_description":"En TAIKAI te ofrecemos una experiencia \u00fanica con sabores especiales que te har\u00e1n regresar por m\u00e1s..","og_url":"https:\/\/taikaivictoria.misitiolab.com\/","og_site_name":"taikaivictoria","article_modified_time":"2023-09-20T22:43:35+00:00","og_image":[{"width":512,"height":512,"url":"https:\/\/taikaivictoria.misitiolab.com\/wp-content\/uploads\/2023\/09\/cropped-taikai.jpg","type":"image\/jpeg"}],"twitter_card":"summary_large_image","twitter_misc":{"Tiempo de lectura":"1 minuto"},"schema":{"@context":"https:\/\/schema.org","@graph":[{"@type":"WebPage","@id":"https:\/\/taikaivictoria.misitiolab.com\/","url":"https:\/\/taikaivictoria.misitiolab.com\/","name":"TAIKAI VICTORIA -","isPartOf":{"@id":"https:\/\/taikaivictoria.misitiolab.com\/#website"},"datePublished":"2023-09-14T20:50:03+00:00","dateModified":"2023-09-20T22:43:35+00:00","description":"En TAIKAI te ofrecemos una experiencia \u00fanica con sabores especiales que te har\u00e1n regresar por m\u00e1s..","breadcrumb":{"@id":"https:\/\/taikaivictoria.misitiolab.com\/#breadcrumb"},"inLanguage":"es","potentialAction":[{"@type":"ReadAction","target":["https:\/\/taikaivictoria.misitiolab.com\/"]}]},{"@type":"BreadcrumbList","@id":"https:\/\/taikaivictoria.misitiolab.com\/#breadcrumb","itemListElement":[{"@type":"ListItem","position":1,"name":"Inicio","item":"https:\/\/taikaivictoria.misitiolab.com\/"},{"@type":"ListItem","position":2,"name":"TAIKAI VICTORIA"}]},{"@type":"WebSite","@id":"https:\/\/taikaivictoria.misitiolab.com\/#website","url":"https:\/\/taikaivictoria.misitiolab.com\/","name":"taikaivictoria","description":"","publisher":{"@id":"https:\/\/taikaivictoria.misitiolab.com\/#organization"},"potentialAction":[{"@type":"SearchAction","target":{"@type":"EntryPoint","urlTemplate":"https:\/\/taikaivictoria.misitiolab.com\/?s={search_term_string}"},"query-input":"required name=search_term_string"}],"inLanguage":"es"},{"@type":"Organization","@id":"https:\/\/taikaivictoria.misitiolab.com\/#organization","name":"taikaivictoria","url":"https:\/\/taikaivictoria.misitiolab.com\/","logo":{"@type":"ImageObject","inLanguage":"es","@id":"https:\/\/taikaivictoria.misitiolab.com\/#\/schema\/logo\/image\/","url":"https:\/\/taikaivictoria.misitiolab.com\/wp-content\/uploads\/2023\/09\/logo.png","contentUrl":"https:\/\/taikaivictoria.misitiolab.com\/wp-content\/uploads\/2023\/09\/logo.png","width":156,"height":40,"caption":"taikaivictoria"},"image":{"@id":"https:\/\/taikaivictoria.misitiolab.com\/#\/schema\/logo\/image\/"}}]}},"_links":{"self":[{"href":"https:\/\/taikaivictoria.misitiolab.com\/index.php?rest_route=\/wp\/v2\/pages\/8","targetHints":{"allow":["GET"]}}],"collection":[{"href":"https:\/\/taikaivictoria.misitiolab.com\/index.php?rest_route=\/wp\/v2\/pages"}],"about":[{"href":"https:\/\/taikaivictoria.misitiolab.com\/index.php?rest_route=\/wp\/v2\/types\/page"}],"author":[{"embeddable":true,"href":"https:\/\/taikaivictoria.misitiolab.com\/index.php?rest_route=\/wp\/v2\/users\/1"}],"replies":[{"embeddable":true,"href":"https:\/\/taikaivictoria.misitiolab.com\/index.php?rest_route=%2Fwp%2Fv2%2Fcomments&post=8"}],"version-history":[{"count":44,"href":"https:\/\/taikaivictoria.misitiolab.com\/index.php?rest_route=\/wp\/v2\/pages\/8\/revisions"}],"predecessor-version":[{"id":83,"href":"https:\/\/taikaivictoria.misitiolab.com\/index.php?rest_route=\/wp\/v2\/pages\/8\/revisions\/83"}],"wp:featuredmedia":[{"embeddable":true,"href":"https:\/\/taikaivictoria.misitiolab.com\/index.php?rest_route=\/wp\/v2\/media\/11"}],"wp:attachment":[{"href":"https:\/\/taikaivictoria.misitiolab.com\/index.php?rest_route=%2Fwp%2Fv2%2Fmedia&parent=8"}],"curies":[{"name":"wp","href":"https:\/\/api.w.org\/{rel}","templated":true}]}}